{"id":903,"date":"2026-03-24T11:07:14","date_gmt":"2026-03-24T10:07:14","guid":{"rendered":"https:\/\/drip-log.com\/impressum\/"},"modified":"2026-03-25T17:07:04","modified_gmt":"2026-03-25T16:07:04","slug":"impressum","status":"publish","type":"page","link":"https:\/\/drip-log.com\/pl\/impressum\/","title":{"rendered":"Impressum"},"content":{"rendered":"\t\t<div data-elementor-type=\"wp-page\" data-elementor-id=\"903\" class=\"elementor elementor-903 elementor-832\" data-elementor-post-type=\"page\">\n\t\t\t\t<div class=\"elementor-element elementor-element-18221a88 e-flex e-con-boxed e-con e-parent\" data-id=\"18221a88\" data-element_type=\"container\" data-e-type=\"container\" data-settings=\"{&quot;background_background&quot;:&quot;classic&quot;}\">\n\t\t\t\t\t<div class=\"e-con-inner\">\n\t\t\t\t<div class=\"elementor-element elementor-element-574325b6 elementor-widget elementor-widget-text-editor\" data-id=\"574325b6\" data-element_type=\"widget\" data-e-type=\"widget\" data-widget_type=\"text-editor.default\">\n\t\t\t\t\t\t\t\t\t\n<h1>Impressum<\/h1>\n<p>Kontakt<\/p>\n\n<p><strong>D3EIF GmbH<\/strong><\/p>\n\n<p>Wahringerstra\u00dfe 34<br>4030 Linz<br>Austria<\/p>\n\n<p>Tel.: +43 720 227470 E-mail: <a href=\"mailto:hello@d3eif.com\">hello@d3eif.com<\/a><\/p>\n\n<p><strong>Dyrektorzy zarz\u0105dzaj\u0105cy<\/strong><br><br>Thomas Frauscher<br>Eduard Peterseil<\/p>\n\n<p><strong>Pozosta\u0142e informacje<br><\/strong><br>NIP UE: ATU72641046<br>Numer w rejestrze handlowym: FN479511p<\/p>\n\t\t\t\t\t\t\t\t<\/div>\n\t\t\t\t\t<\/div>\n\t\t\t\t<\/div>\n\t\t<div class=\"elementor-element elementor-element-f4e5e7c e-flex e-con-boxed e-con e-parent\" data-id=\"f4e5e7c\" data-element_type=\"container\" data-e-type=\"container\" data-settings=\"{&quot;background_background&quot;:&quot;classic&quot;}\">\n\t\t\t\t\t<div class=\"e-con-inner\">\n\t\t<div class=\"elementor-element elementor-element-cd3c5eb e-con-full e-flex e-con e-child\" data-id=\"cd3c5eb\" data-element_type=\"container\" data-e-type=\"container\" data-settings=\"{&quot;background_background&quot;:&quot;classic&quot;}\">\n\t\t<div class=\"elementor-element elementor-element-0889b72 e-con-full e-flex e-con e-child\" data-id=\"0889b72\" data-element_type=\"container\" data-e-type=\"container\">\n\t\t<div class=\"elementor-element elementor-element-e51efec e-con-full e-flex e-con e-child\" data-id=\"e51efec\" data-element_type=\"container\" data-e-type=\"container\">\n\t\t\t\t<div class=\"elementor-element elementor-element-22eecc8 elementor-widget elementor-widget-image\" data-id=\"22eecc8\" data-element_type=\"widget\" data-e-type=\"widget\" data-widget_type=\"image.default\">\n\t\t\t\t\t\t\t\t\t\t\t\t\t\t\t\t<a href=\"https:\/\/drip-log.com\/pl\/\">\n\t\t\t\t\t\t\t<img decoding=\"async\" width=\"133\" height=\"59\" src=\"https:\/\/drip-log.com\/wp-content\/uploads\/2025\/10\/white-logo.svg\" class=\"attachment-full size-full wp-image-904\" alt=\"\" \/>\t\t\t\t\t\t\t\t<\/a>\n\t\t\t\t\t\t\t\t\t\t\t\t\t\t\t<\/div>\n\t\t\t\t<div class=\"elementor-element elementor-element-88a70f9 elementor-widget elementor-widget-html\" data-id=\"88a70f9\" data-element_type=\"widget\" data-e-type=\"widget\" data-widget_type=\"html.default\">\n\t\t\t\t\t<style>\/* Footer Badge *\/\n\n .watermark-preview {\n\t width: 250px;\n\t height: auto;\n\t}\n\t.watermark-preview-wrapper {\n\t\t--transition: 300ms ease;\n\t\tposition: absolute;\n\t\tbottom: 120px;\n\t\tleft: 0;\n\t\topacity: 0;\n\t\tpointer-events: none;\n\t\ttransition: opacity var(--transition), bottom var(--transition);\n\t\tborder-radius: 4px;\n\t\toverflow: hidden;\n\t\tborder: 1px solid #cf9e65;\n\t\theight: 160px;\n\t\twidth:250px;\n\t\tmin-width: 250px;\n\t}\n\t\n\t.watermark-preview-wrapper img {\n\t\theight: 160px;\n\t\tobject-fit: cover;\n\t\tborder-radius: 4px;\n\t}\n\t\n\t.watermark-contents {\n\t\tborder: 1px solid #cf9e65;\n\t\tborder-radius: 4px;\n\t\tpadding: 8px;\n\t\ttransition: all 300ms ease;\n\t    will-change: filter;\n\t}\n\t\n\t.watermark-content {\n\t\tdisplay: flex;\n    justify-content: flex-start;\n\t}\n\n\t.watermark-content svg {\n\t\twidth: 140px;\n\t}\n\t\n\t.watermark-contents {\n\t\t-webkit-filter: brightness(0);\n\t\tfilter: brightness(2);\n\t\ttransition: filter 300ms ease;\n\t\tpadding-bottom:4px;\n\t}\n\t.watermark-contents:hover {\n\t\t-webkit-filter: brightness(1);\n\t\tfilter: brightness(1);\n\t}\n\t.watermark-content:hover .watermark-preview-wrapper {\n\t\tbottom: 80px;\n\t\topacity: 1;\n\t\tpointer-events: auto;\n\t}\n\t@media only screen and (max-width:1024px) {\n\t\t.badge {\n\t\t\ttext-align: left;\n\t\t}\n\t\t.watermark-preview-wrapper {\n\t\t\tleft: 0;\n\t\t}\n\t}\n<\/style><div data-style=\"badge\" data-theme=\"darkdefault\" data-load=\"html\" class=\"watermark\"><a class=\"darkdefault badge\" target=\"_blank\" title=\"Zur Martin&Klein GmbH\" href=\"https:\/\/martinundklein.com\/\"><div class=\"watermark-content\"><div class=\"watermark-contents\"><svg xmlns=\"http:\/\/www.w3.org\/2000\/svg\" width=\"170\" height=\"14\" fill=\"none\" viewBox=\"0 0 170 14\"><defs><linearGradient\n                            id=\"header-shape-gradient\"\n                            x2=\"0.35\"\n                            y2=\"1\"\n                        ><stop\n                                offset=\"0%\"\n                                stop-color=\"#cf9e65\"\n                            \/><stop\n                                offset=\"100%\"\n                                stop-color=\"#e3c1a0\"\n                            \/><\/linearGradient><\/defs><path class=\"mklogo-path\" fill='url(#header-shape-gradient)' d=\"M1.08 11V4.868h1.008v.78c.3-.564.96-.888 1.704-.888.84 0 1.524.396 1.944 1.008.288-.42.9-1.008 2.004-1.008 1.428 0 2.436 1.032 2.436 2.364V11H9.168V7.304c0-1.008-.624-1.62-1.512-1.62-.876 0-1.524.66-1.524 1.62V11H5.124V7.304c0-1.008-.624-1.62-1.512-1.62-.876 0-1.524.66-1.524 1.62V11H1.08Zm12.837.12c-1.236 0-2.124-.792-2.124-1.908 0-1.044.732-1.836 2.124-1.932l1.896-.132v-.084c0-.684-.6-1.404-1.656-1.404-.996 0-1.464.648-1.632 1.152l-.792-.408c.216-.684.936-1.644 2.424-1.644 1.668 0 2.64 1.116 2.64 2.304V11h-.984v-.744c-.348.516-1.104.864-1.896.864Zm-1.128-1.908c0 .636.528 1.02 1.188 1.02 1.284 0 1.86-.876 1.86-1.716v-.492l-1.848.12c-.684.048-1.2.372-1.2 1.068Zm8.493 1.896c-1.704 0-2.976-1.2-2.988-3.18.012-1.812 1.26-3.168 2.988-3.168.888 0 1.728.42 2.1.96v-3.6h1.008V11h-1.008v-.816c-.408.54-1.284.924-2.1.924Zm-1.968-3.18c0 1.236.768 2.256 2.04 2.256 1.284 0 2.052-1.032 2.052-2.256 0-1.212-.768-2.244-2.052-2.244-1.272 0-2.04 1.02-2.04 2.244Zm9.634 3.18c-1.812 0-3.06-1.368-3.06-3.168 0-1.824 1.212-3.18 3.036-3.18 1.716 0 2.868 1.356 2.868 2.988v.54H26.92c.132 1.32.972 1.896 2.028 1.896.984 0 1.668-.624 1.872-1.248l.78.396c-.264.732-1.08 1.776-2.652 1.776ZM26.956 7.4h3.792c0-.912-.744-1.74-1.824-1.74-1.008 0-1.788.624-1.968 1.74Zm12.74 3.708c-.816 0-1.692-.384-2.1-.924V11h-1.008V2.12h1.008v3.6c.372-.54 1.212-.96 2.1-.96 1.728 0 2.976 1.356 2.988 3.168-.012 1.98-1.284 3.18-2.988 3.18Zm-2.124-3.18c0 1.224.768 2.256 2.052 2.256 1.272 0 2.04-1.02 2.04-2.256 0-1.224-.768-2.244-2.04-2.244-1.284 0-2.052 1.032-2.052 2.244Zm7.222 5.82 1.224-2.796-2.676-6.084h1.116l2.1 4.896 2.016-4.896h1.14l-3.828 8.88h-1.092Zm6.651-7.044a.758.758 0 0 1-.768-.768c0-.42.336-.756.768-.756.42 0 .756.336.756.756a.756.756 0 0 1-.756.768Zm-.768 3.636c0-.42.336-.756.768-.756.42 0 .756.336.756.756a.756.756 0 0 1-.756.768.758.758 0 0 1-.768-.768Z\" \/><g clip-path=\"url(#a)\"><path class=\"mklogo-path\" fill='url(#header-shape-gradient)' d=\"M64 .845h2.434l3.685 10.289L73.805.845h2.416v12.861h-1.739v-9.72l-3.511 9.72h-1.739l-3.493-9.72v9.72H64V.846ZM78.222 10.95c0-1.654 1.096-2.848 3.112-2.994l2.642-.185v-.11c0-.9-.782-1.929-2.208-1.929-1.425 0-2.016.937-2.242 1.635l-1.373-.735c.4-1.176 1.512-2.554 3.633-2.554 2.538 0 3.911 1.856 3.911 3.657v5.97h-1.72v-1.083c-.47.753-1.513 1.268-2.66 1.268-1.79 0-3.095-1.213-3.095-2.94Zm3.269 1.324c1.582 0 2.52-1.14 2.52-2.37v-.588l-2.556.184c-.852.055-1.495.514-1.495 1.414 0 .845.661 1.36 1.53 1.36Zm6.467-8.03h1.739v1.69l3.39-1.892v1.985l-3.39 1.782v5.897h-1.739V4.244Zm7.632 1.617h-1.6V4.244h1.653V1.801h1.686v2.443h2.312v1.617h-2.312v6.118h2.347v1.727H95.59V5.861ZM102.266 0c.731 0 1.269.57 1.269 1.341s-.538 1.341-1.269 1.341c-.73 0-1.268-.588-1.268-1.34 0-.754.539-1.342 1.268-1.342Zm-.869 4.244h1.739v9.462h-1.739V4.244Zm4.138 0h1.739V5.42c.469-.79 1.356-1.34 2.573-1.34 1.982 0 3.372 1.561 3.372 3.6v6.027h-1.739V8.122c0-1.47-.921-2.315-2.103-2.315-1.182 0-2.104.919-2.104 2.315v5.585h-1.738V4.244Zm17.873 9.462-1.269-1.23c-.591.624-1.756 1.524-3.442 1.524-1.686 0-3.825-.974-3.825-3.638 0-1.653 1.2-2.884 2.521-3.215-.625-1.029-.956-2.003-.956-3.032 0-2.48 2.208-3.528 3.877-3.528 1.199 0 2.416.441 2.972.919v4.226c0-2.977-1.147-4.887-2.972-4.887-1.217 0-2.33.771-2.33 2.48 0 2.278 2.486 5.402 5.215 7.643 1.669-2.7 1.808-5.126-.921-5.126-.973 0 5.807-.018 5.824 0-2.591 0-2.956 2.72-4.798 5.219 1.93 1.543 3.964 2.645 5.302 2.645h-5.198Zm-1.391-1.36c-2.069-2.039-3.616-3.619-4.537-5.089-.487.46-.974 1.231-.974 2.554 0 1.654 1.182 3.252 3.373 3.252.921 0 1.634-.312 2.138-.716Zm10.432-4.39h-1.634v5.75h-1.773V.846h1.773v5.29h1.53l3.685-5.29h2.086l-4.241 6.08 4.398 6.78h-2.086l-3.738-5.75ZM139.403.11h1.739v13.596h-1.739V.11Zm3.217 8.874c0-2.792 1.808-4.905 4.519-4.905 2.712 0 4.277 2.186 4.277 4.685v.863h-7.041c.226 1.8 1.374 2.591 2.782 2.591 1.407 0 2.346-.919 2.625-1.746l1.338.754c-.383 1.047-1.599 2.645-3.963 2.645-2.747 0-4.537-2.13-4.537-4.887Zm6.989-.9a2.44 2.44 0 0 0-2.486-2.388c-1.321 0-2.399.826-2.695 2.388h5.181ZM153.904 0c.73 0 1.268.57 1.268 1.341s-.538 1.341-1.268 1.341c-.731 0-1.269-.588-1.269-1.34 0-.754.539-1.342 1.269-1.342Zm-.87 4.244h1.739v9.462h-1.739V4.244Zm4.138 0h1.738V5.42c.47-.79 1.356-1.34 2.574-1.34 1.981 0 3.372 1.561 3.372 3.6v6.027h-1.739V8.122c0-1.47-.921-2.315-2.103-2.315-1.182 0-2.104.919-2.104 2.315v5.585h-1.739V4.244h.001Zm8.669-1.75c0-1.269.94-2.178 2.079-2.178 1.14 0 2.081.909 2.081 2.177 0 1.269-.941 2.177-2.081 2.177-1.14 0-2.079-.908-2.079-2.177Zm2.079 1.7c.92 0 1.6-.729 1.6-1.7 0-.973-.68-1.702-1.6-1.702s-1.6.728-1.6 1.701c0 .973.68 1.702 1.6 1.702Zm-.75-2.8h.86c.43 0 .74.296.74.698 0 .285-.13.549-.39.655l.47.581v.264h-.46v-.179l-.47-.602h-.31v.782h-.44v-2.2Zm.86 1.004c.16 0 .29-.095.29-.306a.28.28 0 0 0-.29-.286h-.42v.592h.42Z\" \/><\/g><defs><clipPath id=\"a\"><path fill=\"#fff\" d=\"M64 0h106v14H64z\" \/><\/clipPath><\/defs><\/svg><\/div><div class=\"watermark-preview-wrapper\"><img decoding=\"async\" class=\"watermark-preview\" src=\"https:\/\/martinundklein.com\/wp-content\/uploads\/2024\/12\/martinundklein_preview.png\" alt=\"Martin&Klein Webseite\" \/><\/div><\/div><\/a><\/div>\t\t\t\t<\/div>\n\t\t\t\t<\/div>\n\t\t<div class=\"elementor-element elementor-element-be08275 e-con-full e-flex e-con e-child\" data-id=\"be08275\" data-element_type=\"container\" data-e-type=\"container\">\n\t\t\t\t<div class=\"elementor-element elementor-element-4a5359c elementor-widget elementor-widget-text-editor\" data-id=\"4a5359c\" data-element_type=\"widget\" data-e-type=\"widget\" data-widget_type=\"text-editor.default\">\n\t\t\t\t\t\t\t\t\t<p>Kontakt<\/p>\t\t\t\t\t\t\t\t<\/div>\n\t\t\t\t<div class=\"elementor-element elementor-element-9359221 elementor-icon-list--layout-traditional elementor-list-item-link-full_width elementor-widget elementor-widget-icon-list\" data-id=\"9359221\" data-element_type=\"widget\" data-e-type=\"widget\" data-widget_type=\"icon-list.default\">\n\t\t\t\t\t\t\t<ul class=\"elementor-icon-list-items\">\n\t\t\t\t\t\t\t<li class=\"elementor-icon-list-item\">\n\t\t\t\t\t\t\t\t\t\t<span class=\"elementor-icon-list-text\">Lastenstra\u00dfe 38, 4020 Linz<\/span>\n\t\t\t\t\t\t\t\t\t<\/li>\n\t\t\t\t\t\t\t\t<li class=\"elementor-icon-list-item\">\n\t\t\t\t\t\t\t\t\t\t<span class=\"elementor-icon-list-text\">hello@drip-log.com<\/span>\n\t\t\t\t\t\t\t\t\t<\/li>\n\t\t\t\t\t\t\t\t<li class=\"elementor-icon-list-item\">\n\t\t\t\t\t\t\t\t\t\t<span class=\"elementor-icon-list-text\">+43 720 227470<\/span>\n\t\t\t\t\t\t\t\t\t<\/li>\n\t\t\t\t\t\t<\/ul>\n\t\t\t\t\t\t<\/div>\n\t\t\t\t<\/div>\n\t\t<div class=\"elementor-element elementor-element-c0ac391 e-con-full e-flex e-con e-child\" data-id=\"c0ac391\" data-element_type=\"container\" data-e-type=\"container\">\n\t\t\t\t<div class=\"elementor-element elementor-element-beb65ed elementor-widget elementor-widget-text-editor\" data-id=\"beb65ed\" data-element_type=\"widget\" data-e-type=\"widget\" data-widget_type=\"text-editor.default\">\n\t\t\t\t\t\t\t\t\t<p>Linki<\/p>\t\t\t\t\t\t\t\t<\/div>\n\t\t\t\t<div class=\"elementor-element elementor-element-030beff elementor-icon-list--layout-traditional elementor-list-item-link-full_width elementor-widget elementor-widget-icon-list\" data-id=\"030beff\" data-element_type=\"widget\" data-e-type=\"widget\" data-widget_type=\"icon-list.default\">\n\t\t\t\t\t\t\t<ul class=\"elementor-icon-list-items\">\n\t\t\t\t\t\t\t<li class=\"elementor-icon-list-item\">\n\t\t\t\t\t\t\t\t\t\t\t<a href=\"https:\/\/drip-log.com\/pl\/\">\n\n\t\t\t\t\t\t\t\t\t\t\t<span class=\"elementor-icon-list-text\">Strona g\u0142\u00f3wna<\/span>\n\t\t\t\t\t\t\t\t\t\t\t<\/a>\n\t\t\t\t\t\t\t\t\t<\/li>\n\t\t\t\t\t\t\t\t<li class=\"elementor-icon-list-item\">\n\t\t\t\t\t\t\t\t\t\t\t<a href=\"https:\/\/drip-log.com\/kontakt\/\">\n\n\t\t\t\t\t\t\t\t\t\t\t<span class=\"elementor-icon-list-text\">Kontakt<\/span>\n\t\t\t\t\t\t\t\t\t\t\t<\/a>\n\t\t\t\t\t\t\t\t\t<\/li>\n\t\t\t\t\t\t\t\t<li class=\"elementor-icon-list-item\">\n\t\t\t\t\t\t\t\t\t\t\t<a href=\"https:\/\/drip-log.com\/impressum\/\">\n\n\t\t\t\t\t\t\t\t\t\t\t<span class=\"elementor-icon-list-text\">impressum<\/span>\n\t\t\t\t\t\t\t\t\t\t\t<\/a>\n\t\t\t\t\t\t\t\t\t<\/li>\n\t\t\t\t\t\t\t\t<li class=\"elementor-icon-list-item\">\n\t\t\t\t\t\t\t\t\t\t\t<a href=\"https:\/\/drip-log.com\/pl\/ochrona-danych\/\">\n\n\t\t\t\t\t\t\t\t\t\t\t<span class=\"elementor-icon-list-text\">Polityka prywatno\u015bci<\/span>\n\t\t\t\t\t\t\t\t\t\t\t<\/a>\n\t\t\t\t\t\t\t\t\t<\/li>\n\t\t\t\t\t\t\t\t<li class=\"elementor-icon-list-item\">\n\t\t\t\t\t\t\t\t\t\t\t<a href=\"https:\/\/drip-log.com\/agb\/\">\n\n\t\t\t\t\t\t\t\t\t\t\t<span class=\"elementor-icon-list-text\">OWU<\/span>\n\t\t\t\t\t\t\t\t\t\t\t<\/a>\n\t\t\t\t\t\t\t\t\t<\/li>\n\t\t\t\t\t\t<\/ul>\n\t\t\t\t\t\t<\/div>\n\t\t\t\t<\/div>\n\t\t<div class=\"elementor-element elementor-element-a5645d3 e-con-full e-flex e-con e-child\" data-id=\"a5645d3\" data-element_type=\"container\" data-e-type=\"container\">\n\t\t\t\t<div class=\"elementor-element elementor-element-92429a2 elementor-widget elementor-widget-text-editor\" data-id=\"92429a2\" data-element_type=\"widget\" data-e-type=\"widget\" data-widget_type=\"text-editor.default\">\n\t\t\t\t\t\t\t\t\t<p>Obszary<\/p>\t\t\t\t\t\t\t\t<\/div>\n\t\t\t\t<div class=\"elementor-element elementor-element-33a99cb elementor-icon-list--layout-traditional elementor-list-item-link-full_width elementor-widget elementor-widget-icon-list\" data-id=\"33a99cb\" data-element_type=\"widget\" data-e-type=\"widget\" data-widget_type=\"icon-list.default\">\n\t\t\t\t\t\t\t<ul class=\"elementor-icon-list-items\">\n\t\t\t\t\t\t\t<li class=\"elementor-icon-list-item\">\n\t\t\t\t\t\t\t\t\t\t\t<a href=\"https:\/\/drip-log.com\/verlader\/\">\n\n\t\t\t\t\t\t\t\t\t\t\t<span class=\"elementor-icon-list-text\">Dla za\u0142adowc\u00f3w<\/span>\n\t\t\t\t\t\t\t\t\t\t\t<\/a>\n\t\t\t\t\t\t\t\t\t<\/li>\n\t\t\t\t\t\t\t\t<li class=\"elementor-icon-list-item\">\n\t\t\t\t\t\t\t\t\t\t\t<a href=\"https:\/\/drip-log.com\/spediteure\/\">\n\n\t\t\t\t\t\t\t\t\t\t\t<span class=\"elementor-icon-list-text\">Dla spedytor\u00f3w<\/span>\n\t\t\t\t\t\t\t\t\t\t\t<\/a>\n\t\t\t\t\t\t\t\t\t<\/li>\n\t\t\t\t\t\t\t\t<li class=\"elementor-icon-list-item\">\n\t\t\t\t\t\t\t\t\t\t\t<a href=\"https:\/\/drip-log.com\/frachtfuhrer\/\">\n\n\t\t\t\t\t\t\t\t\t\t\t<span class=\"elementor-icon-list-text\">Dla przewo\u017anik\u00f3w<\/span>\n\t\t\t\t\t\t\t\t\t\t\t<\/a>\n\t\t\t\t\t\t\t\t\t<\/li>\n\t\t\t\t\t\t<\/ul>\n\t\t\t\t\t\t<\/div>\n\t\t\t\t<\/div>\n\t\t<div class=\"elementor-element elementor-element-6df28d9 e-con-full e-flex e-con e-child\" data-id=\"6df28d9\" data-element_type=\"container\" data-e-type=\"container\">\n\t\t\t\t<div class=\"elementor-element elementor-element-58df724 elementor-widget elementor-widget-image\" data-id=\"58df724\" data-element_type=\"widget\" data-e-type=\"widget\" data-widget_type=\"image.default\">\n\t\t\t\t\t\t\t\t\t\t\t\t\t\t\t<img fetchpriority=\"high\" decoding=\"async\" width=\"432\" height=\"198\" src=\"https:\/\/drip-log.com\/wp-content\/uploads\/2026\/03\/Siegel.png\" class=\"attachment-large size-large wp-image-905\" alt=\"\" srcset=\"https:\/\/drip-log.com\/wp-content\/uploads\/2026\/03\/Siegel.png 432w, https:\/\/drip-log.com\/wp-content\/uploads\/2026\/03\/Siegel-300x138.png 300w\" sizes=\"(max-width: 432px) 100vw, 432px\" \/>\t\t\t\t\t\t\t\t\t\t\t\t\t\t\t<\/div>\n\t\t\t\t<div class=\"elementor-element elementor-element-826c9ca elementor-widget elementor-widget-image\" data-id=\"826c9ca\" data-element_type=\"widget\" data-e-type=\"widget\" data-widget_type=\"image.default\">\n\t\t\t\t\t\t\t\t\t\t\t\t\t\t\t<img decoding=\"async\" width=\"432\" height=\"198\" src=\"https:\/\/drip-log.com\/wp-content\/uploads\/2026\/03\/Siegel-1.png\" class=\"attachment-large size-large wp-image-906\" alt=\"\" srcset=\"https:\/\/drip-log.com\/wp-content\/uploads\/2026\/03\/Siegel-1.png 432w, https:\/\/drip-log.com\/wp-content\/uploads\/2026\/03\/Siegel-1-300x138.png 300w\" sizes=\"(max-width: 432px) 100vw, 432px\" \/>\t\t\t\t\t\t\t\t\t\t\t\t\t\t\t<\/div>\n\t\t\t\t<\/div>\n\t\t\t\t<\/div>\n\t\t\t\t<\/div>\n\t\t\t\t\t<\/div>\n\t\t\t\t<\/div>\n\t\t\t\t<\/div>\n\t\t","protected":false},"excerpt":{"rendered":"<p>Impressum Kontakt D3EIF GmbH Wahringerstra\u00dfe 344030 LinzAustria Tel.: +43 720 227470 E-mail: hello@d3eif.com Dyrektorzy zarz\u0105dzaj\u0105cy Thomas FrauscherEduard Peterseil Pozosta\u0142e informacjeNIP UE: ATU72641046Numer w rejestrze handlowym: FN479511p Kontakt Lastenstra\u00dfe 38, 4020 Linz hello@drip-log.com +43 720 227470 Linki Strona g\u0142\u00f3wna Kontakt impressum Polityka prywatno\u015bci OWU Obszary Dla za\u0142adowc\u00f3w Dla spedytor\u00f3w Dla przewo\u017anik\u00f3w<\/p>\n","protected":false},"author":1,"featured_media":0,"parent":0,"menu_order":0,"comment_status":"closed","ping_status":"closed","template":"","meta":{"content-type":"","footnotes":""},"class_list":["post-903","page","type-page","status-publish","hentry"],"yoast_head":"<!-- This site is optimized with the Yoast SEO plugin v27.3 - https:\/\/yoast.com\/product\/yoast-seo-wordpress\/ -->\n<title>Impressum - Drip Logistik<\/title>\n<meta name=\"robots\" content=\"index, follow, max-snippet:-1, max-image-preview:large, max-video-preview:-1\" \/>\n<link rel=\"canonical\" href=\"https:\/\/drip-log.com\/pl\/impressum\/\" \/>\n<meta property=\"og:locale\" content=\"pl_PL\" \/>\n<meta property=\"og:type\" content=\"article\" \/>\n<meta property=\"og:title\" content=\"Impressum - Drip Logistik\" \/>\n<meta property=\"og:description\" content=\"Impressum Kontakt D3EIF GmbH Wahringerstra\u00dfe 344030 LinzAustria Tel.: +43 720 227470 E-mail: hello@d3eif.com Dyrektorzy zarz\u0105dzaj\u0105cy Thomas FrauscherEduard Peterseil Pozosta\u0142e informacjeNIP UE: ATU72641046Numer w rejestrze handlowym: FN479511p Kontakt Lastenstra\u00dfe 38, 4020 Linz hello@drip-log.com +43 720 227470 Linki Strona g\u0142\u00f3wna Kontakt impressum Polityka prywatno\u015bci OWU Obszary Dla za\u0142adowc\u00f3w Dla spedytor\u00f3w Dla przewo\u017anik\u00f3w\" \/>\n<meta property=\"og:url\" content=\"https:\/\/drip-log.com\/pl\/impressum\/\" \/>\n<meta property=\"og:site_name\" content=\"Drip Logistik\" \/>\n<meta property=\"article:modified_time\" content=\"2026-03-25T16:07:04+00:00\" \/>\n<meta name=\"twitter:card\" content=\"summary_large_image\" \/>\n<script type=\"application\/ld+json\" class=\"yoast-schema-graph\">{\"@context\":\"https:\\\/\\\/schema.org\",\"@graph\":[{\"@type\":\"WebPage\",\"@id\":\"https:\\\/\\\/drip-log.com\\\/pl\\\/impressum\\\/\",\"url\":\"https:\\\/\\\/drip-log.com\\\/pl\\\/impressum\\\/\",\"name\":\"Impressum - Drip Logistik\",\"isPartOf\":{\"@id\":\"https:\\\/\\\/azure-giraffe-569527.hostingersite.com\\\/#website\"},\"primaryImageOfPage\":{\"@id\":\"https:\\\/\\\/drip-log.com\\\/pl\\\/impressum\\\/#primaryimage\"},\"image\":{\"@id\":\"https:\\\/\\\/drip-log.com\\\/pl\\\/impressum\\\/#primaryimage\"},\"thumbnailUrl\":\"https:\\\/\\\/drip-log.com\\\/wp-content\\\/uploads\\\/2025\\\/10\\\/white-logo.svg\",\"datePublished\":\"2026-03-24T10:07:14+00:00\",\"dateModified\":\"2026-03-25T16:07:04+00:00\",\"breadcrumb\":{\"@id\":\"https:\\\/\\\/drip-log.com\\\/pl\\\/impressum\\\/#breadcrumb\"},\"inLanguage\":\"pl-PL\",\"potentialAction\":[{\"@type\":\"ReadAction\",\"target\":[\"https:\\\/\\\/drip-log.com\\\/pl\\\/impressum\\\/\"]}]},{\"@type\":\"ImageObject\",\"inLanguage\":\"pl-PL\",\"@id\":\"https:\\\/\\\/drip-log.com\\\/pl\\\/impressum\\\/#primaryimage\",\"url\":\"https:\\\/\\\/drip-log.com\\\/wp-content\\\/uploads\\\/2025\\\/10\\\/white-logo.svg\",\"contentUrl\":\"https:\\\/\\\/drip-log.com\\\/wp-content\\\/uploads\\\/2025\\\/10\\\/white-logo.svg\"},{\"@type\":\"BreadcrumbList\",\"@id\":\"https:\\\/\\\/drip-log.com\\\/pl\\\/impressum\\\/#breadcrumb\",\"itemListElement\":[{\"@type\":\"ListItem\",\"position\":1,\"name\":\"Startseite\",\"item\":\"https:\\\/\\\/drip-log.com\\\/pl\\\/strona-glowna\\\/\"},{\"@type\":\"ListItem\",\"position\":2,\"name\":\"Impressum\"}]},{\"@type\":\"WebSite\",\"@id\":\"https:\\\/\\\/azure-giraffe-569527.hostingersite.com\\\/#website\",\"url\":\"https:\\\/\\\/azure-giraffe-569527.hostingersite.com\\\/\",\"name\":\"Drip Logistik\",\"description\":\"Mehr Planbarkeit und volle Kontrolle in der Sendungsverfolgung\",\"publisher\":{\"@id\":\"https:\\\/\\\/azure-giraffe-569527.hostingersite.com\\\/#organization\"},\"potentialAction\":[{\"@type\":\"SearchAction\",\"target\":{\"@type\":\"EntryPoint\",\"urlTemplate\":\"https:\\\/\\\/azure-giraffe-569527.hostingersite.com\\\/?s={search_term_string}\"},\"query-input\":{\"@type\":\"PropertyValueSpecification\",\"valueRequired\":true,\"valueName\":\"search_term_string\"}}],\"inLanguage\":\"pl-PL\"},{\"@type\":\"Organization\",\"@id\":\"https:\\\/\\\/azure-giraffe-569527.hostingersite.com\\\/#organization\",\"name\":\"Drip Logistik\",\"url\":\"https:\\\/\\\/azure-giraffe-569527.hostingersite.com\\\/\",\"logo\":{\"@type\":\"ImageObject\",\"inLanguage\":\"pl-PL\",\"@id\":\"https:\\\/\\\/azure-giraffe-569527.hostingersite.com\\\/#\\\/schema\\\/logo\\\/image\\\/\",\"url\":\"https:\\\/\\\/drip-log.com\\\/wp-content\\\/uploads\\\/2025\\\/09\\\/logo.svg\",\"contentUrl\":\"https:\\\/\\\/drip-log.com\\\/wp-content\\\/uploads\\\/2025\\\/09\\\/logo.svg\",\"width\":91,\"height\":41,\"caption\":\"Drip Logistik\"},\"image\":{\"@id\":\"https:\\\/\\\/azure-giraffe-569527.hostingersite.com\\\/#\\\/schema\\\/logo\\\/image\\\/\"}}]}<\/script>\n<!-- \/ Yoast SEO plugin. -->","yoast_head_json":{"title":"Impressum - Drip Logistik","robots":{"index":"index","follow":"follow","max-snippet":"max-snippet:-1","max-image-preview":"max-image-preview:large","max-video-preview":"max-video-preview:-1"},"canonical":"https:\/\/drip-log.com\/pl\/impressum\/","og_locale":"pl_PL","og_type":"article","og_title":"Impressum - Drip Logistik","og_description":"Impressum Kontakt D3EIF GmbH Wahringerstra\u00dfe 344030 LinzAustria Tel.: +43 720 227470 E-mail: hello@d3eif.com Dyrektorzy zarz\u0105dzaj\u0105cy Thomas FrauscherEduard Peterseil Pozosta\u0142e informacjeNIP UE: ATU72641046Numer w rejestrze handlowym: FN479511p Kontakt Lastenstra\u00dfe 38, 4020 Linz hello@drip-log.com +43 720 227470 Linki Strona g\u0142\u00f3wna Kontakt impressum Polityka prywatno\u015bci OWU Obszary Dla za\u0142adowc\u00f3w Dla spedytor\u00f3w Dla przewo\u017anik\u00f3w","og_url":"https:\/\/drip-log.com\/pl\/impressum\/","og_site_name":"Drip Logistik","article_modified_time":"2026-03-25T16:07:04+00:00","twitter_card":"summary_large_image","schema":{"@context":"https:\/\/schema.org","@graph":[{"@type":"WebPage","@id":"https:\/\/drip-log.com\/pl\/impressum\/","url":"https:\/\/drip-log.com\/pl\/impressum\/","name":"Impressum - Drip Logistik","isPartOf":{"@id":"https:\/\/azure-giraffe-569527.hostingersite.com\/#website"},"primaryImageOfPage":{"@id":"https:\/\/drip-log.com\/pl\/impressum\/#primaryimage"},"image":{"@id":"https:\/\/drip-log.com\/pl\/impressum\/#primaryimage"},"thumbnailUrl":"https:\/\/drip-log.com\/wp-content\/uploads\/2025\/10\/white-logo.svg","datePublished":"2026-03-24T10:07:14+00:00","dateModified":"2026-03-25T16:07:04+00:00","breadcrumb":{"@id":"https:\/\/drip-log.com\/pl\/impressum\/#breadcrumb"},"inLanguage":"pl-PL","potentialAction":[{"@type":"ReadAction","target":["https:\/\/drip-log.com\/pl\/impressum\/"]}]},{"@type":"ImageObject","inLanguage":"pl-PL","@id":"https:\/\/drip-log.com\/pl\/impressum\/#primaryimage","url":"https:\/\/drip-log.com\/wp-content\/uploads\/2025\/10\/white-logo.svg","contentUrl":"https:\/\/drip-log.com\/wp-content\/uploads\/2025\/10\/white-logo.svg"},{"@type":"BreadcrumbList","@id":"https:\/\/drip-log.com\/pl\/impressum\/#breadcrumb","itemListElement":[{"@type":"ListItem","position":1,"name":"Startseite","item":"https:\/\/drip-log.com\/pl\/strona-glowna\/"},{"@type":"ListItem","position":2,"name":"Impressum"}]},{"@type":"WebSite","@id":"https:\/\/azure-giraffe-569527.hostingersite.com\/#website","url":"https:\/\/azure-giraffe-569527.hostingersite.com\/","name":"Drip Logistik","description":"Mehr Planbarkeit und volle Kontrolle in der Sendungsverfolgung","publisher":{"@id":"https:\/\/azure-giraffe-569527.hostingersite.com\/#organization"},"potentialAction":[{"@type":"SearchAction","target":{"@type":"EntryPoint","urlTemplate":"https:\/\/azure-giraffe-569527.hostingersite.com\/?s={search_term_string}"},"query-input":{"@type":"PropertyValueSpecification","valueRequired":true,"valueName":"search_term_string"}}],"inLanguage":"pl-PL"},{"@type":"Organization","@id":"https:\/\/azure-giraffe-569527.hostingersite.com\/#organization","name":"Drip Logistik","url":"https:\/\/azure-giraffe-569527.hostingersite.com\/","logo":{"@type":"ImageObject","inLanguage":"pl-PL","@id":"https:\/\/azure-giraffe-569527.hostingersite.com\/#\/schema\/logo\/image\/","url":"https:\/\/drip-log.com\/wp-content\/uploads\/2025\/09\/logo.svg","contentUrl":"https:\/\/drip-log.com\/wp-content\/uploads\/2025\/09\/logo.svg","width":91,"height":41,"caption":"Drip Logistik"},"image":{"@id":"https:\/\/azure-giraffe-569527.hostingersite.com\/#\/schema\/logo\/image\/"}}]}},"_links":{"self":[{"href":"https:\/\/drip-log.com\/pl\/wp-json\/wp\/v2\/pages\/903","targetHints":{"allow":["GET"]}}],"collection":[{"href":"https:\/\/drip-log.com\/pl\/wp-json\/wp\/v2\/pages"}],"about":[{"href":"https:\/\/drip-log.com\/pl\/wp-json\/wp\/v2\/types\/page"}],"author":[{"embeddable":true,"href":"https:\/\/drip-log.com\/pl\/wp-json\/wp\/v2\/users\/1"}],"replies":[{"embeddable":true,"href":"https:\/\/drip-log.com\/pl\/wp-json\/wp\/v2\/comments?post=903"}],"version-history":[{"count":2,"href":"https:\/\/drip-log.com\/pl\/wp-json\/wp\/v2\/pages\/903\/revisions"}],"predecessor-version":[{"id":987,"href":"https:\/\/drip-log.com\/pl\/wp-json\/wp\/v2\/pages\/903\/revisions\/987"}],"wp:attachment":[{"href":"https:\/\/drip-log.com\/pl\/wp-json\/wp\/v2\/media?parent=903"}],"curies":[{"name":"wp","href":"https:\/\/api.w.org\/{rel}","templated":true}]}}